{"id":792,"date":"2025-09-30T16:15:53","date_gmt":"2025-09-30T16:15:53","guid":{"rendered":"https:\/\/sites.hostingroots.com\/sbm\/facilities\/"},"modified":"2026-01-30T09:52:51","modified_gmt":"2026-01-30T13:52:51","slug":"ruta","status":"publish","type":"page","link":"https:\/\/sites.hostingroots.com\/sbm\/ruta\/","title":{"rendered":"Ruta"},"content":{"rendered":"\t\t<div data-elementor-type=\"wp-page\" data-elementor-id=\"792\" class=\"elementor elementor-792\" data-elementor-post-type=\"page\">\n\t\t\t\t<div class=\"elementor-element elementor-element-fd593ba e-flex e-con-boxed e-con e-parent\" data-id=\"fd593ba\" data-element_type=\"container\" data-e-type=\"container\" data-settings=\"{&quot;background_background&quot;:&quot;classic&quot;}\">\n\t\t\t\t\t<div class=\"e-con-inner\">\n\t\t<div class=\"elementor-element elementor-element-2f9ae8f e-con-full e-flex e-con e-child\" data-id=\"2f9ae8f\" data-element_type=\"container\" data-e-type=\"container\">\n\t\t\t\t<div class=\"elementor-element elementor-element-00a505a elementor-widget elementor-widget-heading\" data-id=\"00a505a\" data-element_type=\"widget\" data-e-type=\"widget\" data-widget_type=\"heading.default\">\n\t\t\t\t\t\t<div class=\"elementor-widget-container\">\n\t\t\t\t\t<h1 class=\"elementor-heading-title elementor-size-default\">Ruta<\/h1>\t\t\t\t<\/div>\n\t\t\t\t<\/div>\n\t\t\t\t<\/div>\n\t\t<div class=\"elementor-element elementor-element-afd9370 e-con-full e-flex e-con e-child\" data-id=\"afd9370\" data-element_type=\"container\" data-e-type=\"container\">\n\t\t\t\t<div class=\"elementor-element elementor-element-73b77db elementor-widget elementor-widget-text-editor\" data-id=\"73b77db\" data-element_type=\"widget\" data-e-type=\"widget\" data-widget_type=\"text-editor.default\">\n\t\t\t\t\t\t<div class=\"elementor-widget-container\">\n\t\t\t\t\t\t\t\t\t<p><span style=\"font-family: Tahoma;\"><span lang=\"ES-PR\">Este a\u00f1o aproximadamente 5,000 atletas nacionales e internacionales de 7 pa\u00edses y 150,000 espectadores se dar\u00e1n cita al Centro del Universo Coamo, Puerto Rico para presenciar la verdadera prueba de Fondismo, el Medio Marat\u00f3n San Blas. Los 21.0975 kil\u00f3metros del evento le provee al corredor y al espectador una muestra de lo que es el pueblo de Coamo y su historia. Adem\u00e1s le brinda la oportunidad de recibir el calor humano de todos los coame\u00f1os que dicen<\/span>\u00a0<\/span><span style=\"font-family: Tahoma;\">\u201cVen a Coamo y le amar\u00e1s cual yo le amo\u201d.<\/span><\/p><p><span style=\"font-family: Tahoma;\">\u00a0<\/span><\/p>\t\t\t\t\t\t\t\t<\/div>\n\t\t\t\t<\/div>\n\t\t\t\t<\/div>\n\t\t\t\t\t<\/div>\n\t\t\t\t<\/div>\n\t\t<div class=\"elementor-element elementor-element-7df8c7d e-con-full e-flex e-con e-parent\" data-id=\"7df8c7d\" data-element_type=\"container\" data-e-type=\"container\" data-settings=\"{&quot;background_background&quot;:&quot;classic&quot;}\">\n\t\t<div class=\"elementor-element elementor-element-64f3981 e-con-full e-flex e-con e-child\" data-id=\"64f3981\" data-element_type=\"container\" data-e-type=\"container\">\n\t\t\t\t<div class=\"elementor-element elementor-element-d313179 elementor-widget elementor-widget-heading\" data-id=\"d313179\" data-element_type=\"widget\" data-e-type=\"widget\" data-widget_type=\"heading.default\">\n\t\t\t\t\t\t<div class=\"elementor-widget-container\">\n\t\t\t\t\t<h2 class=\"elementor-heading-title elementor-size-default\">Medio Marat\u00f3n San Blas Ed. 64<\/h2>\t\t\t\t<\/div>\n\t\t\t\t<\/div>\n\t\t<div class=\"elementor-element elementor-element-a888d77 e-con-full e-grid e-con e-child\" data-id=\"a888d77\" data-element_type=\"container\" data-e-type=\"container\">\n\t\t\t\t<div class=\"elementor-element elementor-element-d8044fb elementor-widget elementor-widget-image\" data-id=\"d8044fb\" data-element_type=\"widget\" data-e-type=\"widget\" data-widget_type=\"image.default\">\n\t\t\t\t\t\t<div class=\"elementor-widget-container\">\n\t\t\t\t\t\t\t\t\t\t\t\t\t\t\t<img fetchpriority=\"high\" decoding=\"async\" width=\"1024\" height=\"722\" src=\"https:\/\/sites.hostingroots.com\/sbm\/wp-content\/uploads\/2026\/01\/ruta_2026-1024x722.jpeg\" class=\"attachment-large size-large wp-image-1458\" alt=\"\" srcset=\"https:\/\/sites.hostingroots.com\/sbm\/wp-content\/uploads\/2026\/01\/ruta_2026-1024x722.jpeg 1024w, https:\/\/sites.hostingroots.com\/sbm\/wp-content\/uploads\/2026\/01\/ruta_2026-300x212.jpeg 300w, https:\/\/sites.hostingroots.com\/sbm\/wp-content\/uploads\/2026\/01\/ruta_2026-768x541.jpeg 768w, https:\/\/sites.hostingroots.com\/sbm\/wp-content\/uploads\/2026\/01\/ruta_2026-1536x1083.jpeg 1536w, https:\/\/sites.hostingroots.com\/sbm\/wp-content\/uploads\/2026\/01\/ruta_2026.jpeg 1600w\" sizes=\"(max-width: 1024px) 100vw, 1024px\" \/>\t\t\t\t\t\t\t\t\t\t\t\t\t\t\t<\/div>\n\t\t\t\t<\/div>\n\t\t\t\t<\/div>\n\t\t\t\t<\/div>\n\t\t\t\t<\/div>\n\t\t<div class=\"elementor-element elementor-element-1d3cace e-flex e-con-boxed e-con e-parent\" data-id=\"1d3cace\" data-element_type=\"container\" data-e-type=\"container\" data-settings=\"{&quot;background_background&quot;:&quot;classic&quot;}\">\n\t\t\t\t\t<div class=\"e-con-inner\">\n\t\t\t\t<div class=\"elementor-element elementor-element-1e432ef elementor-widget elementor-widget-heading\" data-id=\"1e432ef\" data-element_type=\"widget\" data-e-type=\"widget\" data-widget_type=\"heading.default\">\n\t\t\t\t\t\t<div class=\"elementor-widget-container\">\n\t\t\t\t\t<h2 class=\"elementor-heading-title elementor-size-default\">La ruta del Medio Marat\u00f3n San Blas<\/h2>\t\t\t\t<\/div>\n\t\t\t\t<\/div>\n\t\t\t\t<div class=\"elementor-element elementor-element-4eadb27 elementor-widget elementor-widget-text-editor\" data-id=\"4eadb27\" data-element_type=\"widget\" data-e-type=\"widget\" data-widget_type=\"text-editor.default\">\n\t\t\t\t\t\t<div class=\"elementor-widget-container\">\n\t\t\t\t\t\t\t\t\t<p>En la ruta descubrir\u00e1s m\u00e1s de 14 lugares hist\u00f3ricos cada uno representando la cultura puertorrique\u00f1a. Busca uno de estos lugares hist\u00f3ricos y estaci\u00f3nate a ver y a vitorear los atletas participantes del Medio Marat\u00f3n San Blas.<\/p><p><strong>La Salida<\/strong><\/p><p>El sector Calabazas Carretera #14 kil\u00f3metro 36.2 es parte del trayecto que utilizaron los espa\u00f1oles para la retirada de sus tropas hacia el pueblo de Aibonito, durante la invasi\u00f3n norteamericana de 1898. Desde ese punto de norte a sur la carrera continuar\u00e1 hacia Coamo.<\/p><p><strong>Sector\u00a0Ni\u00e1gara<\/strong><\/p><p>Los atletas pasan por los Obelisco que honran a: el comandante Rafael Mart\u00ednez Illescas, el capit\u00e1n Fruto L\u00f3pez Santos y tres soldados espa\u00f1oles que murieron en batalla el 9 de agosto de 1898. M\u00e1s adelante pasan por La Casilla, que era la casa donde viv\u00eda el jefe de los camineros que eran las personas que limpiaban las orillas de la carretera n\u00famero 14. Luego cruzan el Puente de Hierro Padre I\u00f1igo que fue construido entre 1876 al 1879 en B\u00e9lgica y montado por el ingeniero Reimundo Camprob\u00ed sobre cimentos de mamposter\u00eda, como parte de la Carrera Central. A su lado se construy\u00f3 un moderno puente actualmente en uso.<\/p><p><strong>El Pueblo<\/strong><\/p><p>Pasando la Avenida H\u00e9roes hacia la calle Jos\u00e9 Ignacio Quint\u00f3n entran al pueblo y pasan por el lado de la plaza p\u00fablica Lu\u00eds Mu\u00f1oz Rivera, donde se encuentra la Iglesia Cat\u00f3lica San Blas de Illescas. Su construcci\u00f3n comenz\u00f3 en el 1661. El 18 de noviembre de 1867, sufri\u00f3 serios desperfectos por motivo de un terremoto. Inmediatamente m\u00e1s adelante se encuentran tres edificaciones muy importantes. Primeramente est\u00e1 el Museo Hist\u00f3rico de Coamo, edificio de arquitectura neocl\u00e1sica de dos plantas con patio interior y con paredes, techos de ladrillos sostenidos con vigas de ausubo. Seguido la Iglesia Bautista, edificio con techo de zinc construido entre el 1905 al 1910 obra dirigida por el arquitecto Crowley, la misma fue restaurada en el 1980. Tercero la Capilla Nuestra Se\u00f1ora de Valvanera, tambi\u00e9n conocida como la Ermita, construida en el 1685 en agradecimiento por el fin de la epidemia de c\u00f3lera. Fueron 48 personas sus fundadores.<\/p><p><strong>Cuesta del Ajoguillo<\/strong><\/p><p>Siguiendo la carretera n\u00famero 14 frente al potrero Los Llanos se encuentra la segunda Casilla, m\u00e1s adelante encontramos la carretera n\u00famero 545 donde aproximadamente en el kil\u00f3metro n\u00famero 12 de la carretera comienza la famosa Cuesta del Ajoguillo. El atleta que est\u00e9 al frente al terminar esta cuesta casi seguro puede ser el ganador del Medio Marat\u00f3n San Blas.<\/p><p><strong>Carretera #150<\/strong><\/p><p>En la carretera #150 hacia Coamo pasan sobre el puente del R\u00edo Chiquito y luego las facilidades de los creadores del Medio Marat\u00f3n San Blas la Fraternidad Delta Phi Delta organizada en el a\u00f1o 1957.<\/p><p><strong>Entrada al pueblo<\/strong><\/p><p>Despu\u00e9s de la Fraternidad Delta Phi Delta se sigue hacia el pueblo hasta la calle Rom\u00e1n Baldorioty de Castro. Denominada oficialmente como la Avenida Marat\u00f3n San Blas hasta llegar a la meta de frente a la Plaza P\u00fablica y cerca de la Casa Alcald\u00eda. Esta fue construida en la segunda mitad del siglo 19. Dos fuegos le causaron da\u00f1os y destruyeron los archivos entre los a\u00f1os 1869 y 1897. Fue reconstruida con arquitectura andaluza en el 1927 por el Ingeniero Manuel V. Dom\u00e9nech y el maestro de Obras Don V\u00edctor Santiago.\u00a0<\/p>\t\t\t\t\t\t\t\t<\/div>\n\t\t\t\t<\/div>\n\t\t\t\t<div class=\"elementor-element elementor-element-01489d9 elementor-widget elementor-widget-text-editor\" data-id=\"01489d9\" data-element_type=\"widget\" data-e-type=\"widget\" data-widget_type=\"text-editor.default\">\n\t\t\t\t\t\t<div class=\"elementor-widget-container\">\n\t\t\t\t\t\t\t\t\t<p><span style=\"font-family: 'Tahoma',sans-serif;\"><strong>Nota:<\/strong> Informaci\u00f3n recopilada por el Sr. Eligio Olivieri, Ex Director Ejecutivo del Medio Marat\u00f3n San Blas, de la historia de Coamo escrita por Don Ram\u00f3n Rivera Berm\u00fadez, Historiador de Coamo y datos de historiadores puertorrique\u00f1os que est\u00e1n escritos en la Internet.<\/span><\/p>\t\t\t\t\t\t\t\t<\/div>\n\t\t\t\t<\/div>\n\t\t\t\t\t<\/div>\n\t\t\t\t<\/div>\n\t\t\t\t<\/div>\n\t\t","protected":false},"excerpt":{"rendered":"<p>Ruta Este a\u00f1o aproximadamente 5,000 atletas nacionales e internacionales de 7 pa\u00edses y 150,000 espectadores se dar\u00e1n cita al Centro del Universo Coamo, Puerto Rico para presenciar la verdadera prueba [&hellip;]<\/p>\n","protected":false},"author":1,"featured_media":0,"parent":0,"menu_order":0,"comment_status":"closed","ping_status":"closed","template":"","meta":{"site-sidebar-layout":"no-sidebar","site-content-layout":"page-builder","ast-site-content-layout":"default","site-content-style":"default","site-sidebar-style":"default","ast-global-header-display":"","ast-banner-title-visibility":"","ast-main-header-display":"","ast-hfb-above-header-display":"","ast-hfb-below-header-display":"","ast-hfb-mobile-header-display":"","site-post-title":"disabled","ast-breadcrumbs-content":"disabled","ast-featured-img":"disabled","footer-sml-layout":"","ast-disable-related-posts":"","theme-transparent-header-meta":"enabled","adv-header-id-meta":"","stick-header-meta":"","header-above-stick-meta":"","header-main-stick-meta":"","header-below-stick-meta":"","astra-migrate-meta-layouts":"default","ast-page-background-enabled":"default","ast-page-background-meta":{"desktop":{"background-color":"","background-image":"","background-repeat":"repeat","background-position":"center center","background-size":"auto","background-attachment":"scroll","background-type":"","background-media":"","overlay-type":"","overlay-color":"","overlay-opacity":"","overlay-gradient":""},"tablet":{"background-color":"","background-image":"","background-repeat":"repeat","background-position":"center center","background-size":"auto","background-attachment":"scroll","background-type":"","background-media":"","overlay-type":"","overlay-color":"","overlay-opacity":"","overlay-gradient":""},"mobile":{"background-color":"","background-image":"","background-repeat":"repeat","background-position":"center center","background-size":"auto","background-attachment":"scroll","background-type":"","background-media":"","overlay-type":"","overlay-color":"","overlay-opacity":"","overlay-gradient":""}},"ast-content-background-meta":{"desktop":{"background-color":"var(--ast-global-color-5)","background-image":"","background-repeat":"repeat","background-position":"center center","background-size":"auto","background-attachment":"scroll","background-type":"","background-media":"","overlay-type":"","overlay-color":"","overlay-opacity":"","overlay-gradient":""},"tablet":{"background-color":"var(--ast-global-color-5)","background-image":"","background-repeat":"repeat","background-position":"center center","background-size":"auto","background-attachment":"scroll","background-type":"","background-media":"","overlay-type":"","overlay-color":"","overlay-opacity":"","overlay-gradient":""},"mobile":{"background-color":"var(--ast-global-color-5)","background-image":"","background-repeat":"repeat","background-position":"center center","background-size":"auto","background-attachment":"scroll","background-type":"","background-media":"","overlay-type":"","overlay-color":"","overlay-opacity":"","overlay-gradient":""}},"footnotes":""},"class_list":["post-792","page","type-page","status-publish","hentry"],"_links":{"self":[{"href":"https:\/\/sites.hostingroots.com\/sbm\/wp-json\/wp\/v2\/pages\/792","targetHints":{"allow":["GET"]}}],"collection":[{"href":"https:\/\/sites.hostingroots.com\/sbm\/wp-json\/wp\/v2\/pages"}],"about":[{"href":"https:\/\/sites.hostingroots.com\/sbm\/wp-json\/wp\/v2\/types\/page"}],"author":[{"embeddable":true,"href":"https:\/\/sites.hostingroots.com\/sbm\/wp-json\/wp\/v2\/users\/1"}],"replies":[{"embeddable":true,"href":"https:\/\/sites.hostingroots.com\/sbm\/wp-json\/wp\/v2\/comments?post=792"}],"version-history":[{"count":15,"href":"https:\/\/sites.hostingroots.com\/sbm\/wp-json\/wp\/v2\/pages\/792\/revisions"}],"predecessor-version":[{"id":1477,"href":"https:\/\/sites.hostingroots.com\/sbm\/wp-json\/wp\/v2\/pages\/792\/revisions\/1477"}],"wp:attachment":[{"href":"https:\/\/sites.hostingroots.com\/sbm\/wp-json\/wp\/v2\/media?parent=792"}],"curies":[{"name":"wp","href":"https:\/\/api.w.org\/{rel}","templated":true}]}}